{"id":488,"date":"2024-07-03T15:58:58","date_gmt":"2024-07-03T15:58:58","guid":{"rendered":"https:\/\/hiltekproperties.es\/about-us\/"},"modified":"2024-07-18T12:51:51","modified_gmt":"2024-07-18T12:51:51","slug":"about-us","status":"publish","type":"page","link":"https:\/\/hiltekproperties.es\/no\/about-us\/","title":{"rendered":"Om oss"},"content":{"rendered":"\t\t<div data-elementor-type=\"wp-page\" data-elementor-id=\"488\" class=\"elementor elementor-488 elementor-145\" data-elementor-post-type=\"page\">\n\t\t\t\t<div class=\"elementor-element elementor-element-ccab2d7 e-flex e-con-boxed e-con e-parent\" data-id=\"ccab2d7\" data-element_type=\"container\" data-e-type=\"container\" data-settings=\"{&quot;background_background&quot;:&quot;classic&quot;}\">\n\t\t\t\t\t<div class=\"e-con-inner\">\n\t\t\t\t<div class=\"elementor-element elementor-element-e49ffe2 elementor-widget elementor-widget-heading\" data-id=\"e49ffe2\" data-element_type=\"widget\" data-e-type=\"widget\" data-widget_type=\"heading.default\">\n\t\t\t\t<div class=\"elementor-widget-container\">\n\t\t\t\t\t<h1 class=\"elementor-heading-title elementor-size-default\">OM OSS<\/h1>\t\t\t\t<\/div>\n\t\t\t\t<\/div>\n\t\t\t\t\t<\/div>\n\t\t\t\t<\/div>\n\t\t<div class=\"elementor-element elementor-element-0df1917 e-flex e-con-boxed e-con e-parent\" data-id=\"0df1917\" data-element_type=\"container\" data-e-type=\"container\" data-settings=\"{&quot;background_background&quot;:&quot;classic&quot;}\">\n\t\t\t\t\t<div class=\"e-con-inner\">\n\t\t<div class=\"elementor-element elementor-element-dbf21fc e-con-full e-flex e-con e-child\" data-id=\"dbf21fc\" data-element_type=\"container\" data-e-type=\"container\">\n\t\t\t\t<div class=\"elementor-element elementor-element-af6e39e elementor-widget-tablet__width-initial elementor-widget elementor-widget-image\" data-id=\"af6e39e\" data-element_type=\"widget\" data-e-type=\"widget\" data-widget_type=\"image.default\">\n\t\t\t\t<div class=\"elementor-widget-container\">\n\t\t\t\t\t\t\t\t\t\t\t\t\t\t\t<img fetchpriority=\"high\" decoding=\"async\" width=\"865\" height=\"551\" src=\"https:\/\/hiltekproperties.es\/wp-content\/uploads\/2024\/07\/house-red.png\" class=\"attachment-full size-full wp-image-793\" alt=\"\" srcset=\"https:\/\/hiltekproperties.es\/wp-content\/uploads\/2024\/07\/house-red.png 865w, https:\/\/hiltekproperties.es\/wp-content\/uploads\/2024\/07\/house-red-300x191.png 300w, https:\/\/hiltekproperties.es\/wp-content\/uploads\/2024\/07\/house-red-768x489.png 768w, https:\/\/hiltekproperties.es\/wp-content\/uploads\/2024\/07\/house-red-496x316.png 496w\" sizes=\"(max-width: 865px) 100vw, 865px\" \/>\t\t\t\t\t\t\t\t\t\t\t\t\t\t\t<\/div>\n\t\t\t\t<\/div>\n\t\t\t\t<\/div>\n\t\t<div class=\"elementor-element elementor-element-bc684eb e-con-full e-flex e-con e-child\" data-id=\"bc684eb\" data-element_type=\"container\" data-e-type=\"container\">\n\t\t\t\t<div class=\"elementor-element elementor-element-9ad3d3e elementor-widget elementor-widget-heading\" data-id=\"9ad3d3e\" data-element_type=\"widget\" data-e-type=\"widget\" data-widget_type=\"heading.default\">\n\t\t\t\t<div class=\"elementor-widget-container\">\n\t\t\t\t\t<h1 class=\"elementor-heading-title elementor-size-default\">V\u00c5RE <b>KJERNEVERDIER<\/b><\/h1>\t\t\t\t<\/div>\n\t\t\t\t<\/div>\n\t\t<div class=\"elementor-element elementor-element-d3cd2ff e-con-full e-flex e-con e-child\" data-id=\"d3cd2ff\" data-element_type=\"container\" data-e-type=\"container\">\n\t\t<div class=\"elementor-element elementor-element-b30cc47 e-con-full e-flex e-con e-child\" data-id=\"b30cc47\" data-element_type=\"container\" data-e-type=\"container\">\n\t\t\t\t<div class=\"elementor-element elementor-element-089c28a elementor-widget elementor-widget-heading\" data-id=\"089c28a\" data-element_type=\"widget\" data-e-type=\"widget\" data-widget_type=\"heading.default\">\n\t\t\t\t<div class=\"elementor-widget-container\">\n\t\t\t\t\t<h2 class=\"elementor-heading-title elementor-size-default\">1<\/h2>\t\t\t\t<\/div>\n\t\t\t\t<\/div>\n\t\t\t\t<\/div>\n\t\t<div class=\"elementor-element elementor-element-45fb1d1 e-con-full e-flex e-con e-child\" data-id=\"45fb1d1\" data-element_type=\"container\" data-e-type=\"container\">\n\t\t\t\t<div class=\"elementor-element elementor-element-779945b elementor-widget elementor-widget-heading\" data-id=\"779945b\" data-element_type=\"widget\" data-e-type=\"widget\" data-widget_type=\"heading.default\">\n\t\t\t\t<div class=\"elementor-widget-container\">\n\t\t\t\t\t<h2 class=\"elementor-heading-title elementor-size-default\">St\u00f8tte<\/h2>\t\t\t\t<\/div>\n\t\t\t\t<\/div>\n\t\t\t\t<div class=\"elementor-element elementor-element-fab9afd elementor-widget elementor-widget-text-editor\" data-id=\"fab9afd\" data-element_type=\"widget\" data-e-type=\"widget\" data-widget_type=\"text-editor.default\">\n\t\t\t\t<div class=\"elementor-widget-container\">\n\t\t\t\t\t\t\t\t\tDine behov kommer f\u00f8rst. Med v\u00e5r omfattende erfaring gjennom 20 \u00e5r og tilgang til relevante ressurser til den beste prisen, veileder vi deg gjennom hvert trinn, slik at du f\u00e5r en smidig og stressfri reise gjennom eiendomsmegling, bygging og eiendomsforvaltning.\n\t\t\t\t\t\t\t\t<\/div>\n\t\t\t\t<\/div>\n\t\t\t\t<\/div>\n\t\t\t\t<\/div>\n\t\t<div class=\"elementor-element elementor-element-53158c4 e-con-full e-flex e-con e-child\" data-id=\"53158c4\" data-element_type=\"container\" data-e-type=\"container\">\n\t\t<div class=\"elementor-element elementor-element-007f580 e-con-full e-flex e-con e-child\" data-id=\"007f580\" data-element_type=\"container\" data-e-type=\"container\">\n\t\t\t\t<div class=\"elementor-element elementor-element-d26ebd0 elementor-widget elementor-widget-heading\" data-id=\"d26ebd0\" data-element_type=\"widget\" data-e-type=\"widget\" data-widget_type=\"heading.default\">\n\t\t\t\t<div class=\"elementor-widget-container\">\n\t\t\t\t\t<h2 class=\"elementor-heading-title elementor-size-default\">2<\/h2>\t\t\t\t<\/div>\n\t\t\t\t<\/div>\n\t\t\t\t<\/div>\n\t\t<div class=\"elementor-element elementor-element-d051380 e-con-full e-flex e-con e-child\" data-id=\"d051380\" data-element_type=\"container\" data-e-type=\"container\">\n\t\t\t\t<div class=\"elementor-element elementor-element-5fd05cb elementor-widget elementor-widget-heading\" data-id=\"5fd05cb\" data-element_type=\"widget\" data-e-type=\"widget\" data-widget_type=\"heading.default\">\n\t\t\t\t<div class=\"elementor-widget-container\">\n\t\t\t\t\t<h2 class=\"elementor-heading-title elementor-size-default\">Kompetanse<\/h2>\t\t\t\t<\/div>\n\t\t\t\t<\/div>\n\t\t\t\t<div class=\"elementor-element elementor-element-a1481e5 elementor-widget elementor-widget-text-editor\" data-id=\"a1481e5\" data-element_type=\"widget\" data-e-type=\"widget\" data-widget_type=\"text-editor.default\">\n\t\t\t\t<div class=\"elementor-widget-container\">\n\t\t\t\t\t\t\t\t\tVi er stolte av \u00e5 v\u00e6re et team som er ekstremt profesjonelle og kunnskapsrike i bransjen. V\u00e5rt dyktige team s\u00f8rger for at du f\u00e5r ro i sjelen ved \u00e5 lytte til kundenes behov, veilede dem gjennom prosessen og endringene, og s\u00f8rge for et tilfredsstillende resultat til slutt. V\u00e5re tjenester etter salget er alltid tilgjengelige, slik at du kan stole p\u00e5 at vi forvalter eiendommen din p\u00e5 best mulig m\u00e5te. \n\t\t\t\t\t\t\t\t<\/div>\n\t\t\t\t<\/div>\n\t\t\t\t<\/div>\n\t\t\t\t<\/div>\n\t\t<div class=\"elementor-element elementor-element-f48a623 e-con-full e-flex e-con e-child\" data-id=\"f48a623\" data-element_type=\"container\" data-e-type=\"container\">\n\t\t<div class=\"elementor-element elementor-element-3bd44b0 e-con-full e-flex e-con e-child\" data-id=\"3bd44b0\" data-element_type=\"container\" data-e-type=\"container\">\n\t\t\t\t<div class=\"elementor-element elementor-element-65f31d5 elementor-widget elementor-widget-heading\" data-id=\"65f31d5\" data-element_type=\"widget\" data-e-type=\"widget\" data-widget_type=\"heading.default\">\n\t\t\t\t<div class=\"elementor-widget-container\">\n\t\t\t\t\t<h2 class=\"elementor-heading-title elementor-size-default\">3<\/h2>\t\t\t\t<\/div>\n\t\t\t\t<\/div>\n\t\t\t\t<\/div>\n\t\t<div class=\"elementor-element elementor-element-f7e7515 e-con-full e-flex e-con e-child\" data-id=\"f7e7515\" data-element_type=\"container\" data-e-type=\"container\">\n\t\t\t\t<div class=\"elementor-element elementor-element-d9f4189 elementor-widget elementor-widget-heading\" data-id=\"d9f4189\" data-element_type=\"widget\" data-e-type=\"widget\" data-widget_type=\"heading.default\">\n\t\t\t\t<div class=\"elementor-widget-container\">\n\t\t\t\t\t<h2 class=\"elementor-heading-title elementor-size-default\">Integritet<\/h2>\t\t\t\t<\/div>\n\t\t\t\t<\/div>\n\t\t\t\t<div class=\"elementor-element elementor-element-793316a elementor-widget elementor-widget-text-editor\" data-id=\"793316a\" data-element_type=\"widget\" data-e-type=\"widget\" data-widget_type=\"text-editor.default\">\n\t\t\t\t<div class=\"elementor-widget-container\">\n\t\t\t\t\t\t\t\t\t<p><span class=\"OYPEnA text-decoration-none text-strikethrough-none\">Tillit er v\u00e5rt fundament. Vi er stolte av \u00e5 kommunisere tydelig og alltid gj\u00f8re det rette. Vi setter integritet over alt annet, fordi vi tror det er n\u00f8kkelen til et langsiktig og godt samarbeid som kan utvikle seg til gode vennskap.<\/span><\/p>\n\t\t\t\t\t\t\t\t<\/div>\n\t\t\t\t<\/div>\n\t\t\t\t<\/div>\n\t\t\t\t<\/div>\n\t\t\t\t<\/div>\n\t\t\t\t\t<\/div>\n\t\t\t\t<\/div>\n\t\t<div class=\"elementor-element elementor-element-326c61e e-flex e-con-boxed e-con e-parent\" data-id=\"326c61e\" data-element_type=\"container\" data-e-type=\"container\" data-settings=\"{&quot;background_background&quot;:&quot;classic&quot;,&quot;shape_divider_top&quot;:&quot;pyramids&quot;}\">\n\t\t\t\t\t<div class=\"e-con-inner\">\n\t\t\t\t<div class=\"elementor-shape elementor-shape-top\" aria-hidden=\"true\" data-negative=\"false\">\n\t\t\t<svg xmlns=\"http:\/\/www.w3.org\/2000\/svg\" viewBox=\"0 0 1000 100\" preserveAspectRatio=\"none\">\n\t<path class=\"elementor-shape-fill\" d=\"M761.9,44.1L643.1,27.2L333.8,98L0,3.8V0l1000,0v3.9\"\/>\n<\/svg>\t\t<\/div>\n\t\t<div class=\"elementor-element elementor-element-eb6c193 e-con-full e-flex e-con e-child\" data-id=\"eb6c193\" data-element_type=\"container\" data-e-type=\"container\">\n\t\t\t\t<div class=\"elementor-element elementor-element-fbb572a elementor-widget elementor-widget-heading\" data-id=\"fbb572a\" data-element_type=\"widget\" data-e-type=\"widget\" data-widget_type=\"heading.default\">\n\t\t\t\t<div class=\"elementor-widget-container\">\n\t\t\t\t\t<h1 class=\"elementor-heading-title elementor-size-default\">20 \u00e5r med<br><strong>Erfaring<\/strong><\/h1>\t\t\t\t<\/div>\n\t\t\t\t<\/div>\n\t\t\t\t<div class=\"elementor-element elementor-element-e89bf67 elementor-widget elementor-widget-text-editor\" data-id=\"e89bf67\" data-element_type=\"widget\" data-e-type=\"widget\" data-widget_type=\"text-editor.default\">\n\t\t\t\t<div class=\"elementor-widget-container\">\n\t\t\t\t\t\t\t\t\t<p>Hiltek ble etablert i 2012.<br \/>Denne geniale ideen ble unnfanget av det norsk\/engelske ekteparet Ingvild Teksum og Craig Hill, som har v\u00e6rt en del av det spanske milj\u00f8et de siste tjue \u00e5rene. Ingvild er lisensiert eiendomsmegler API og Craig er byggmester i byggfag. De to elsker kreative og innbydende rom, og gleder seg til \u00e5 skape et for deg ogs\u00e5.<\/p>\n\t\t\t\t\t\t\t\t<\/div>\n\t\t\t\t<\/div>\n\t\t\t\t<div class=\"elementor-element elementor-element-7ad838a elementor-widget elementor-widget-spacer\" data-id=\"7ad838a\" data-element_type=\"widget\" data-e-type=\"widget\" data-widget_type=\"spacer.default\">\n\t\t\t\t<div class=\"elementor-widget-container\">\n\t\t\t\t\t\t\t<div class=\"elementor-spacer\">\n\t\t\t<div class=\"elementor-spacer-inner\"><\/div>\n\t\t<\/div>\n\t\t\t\t\t\t<\/div>\n\t\t\t\t<\/div>\n\t\t\t\t<\/div>\n\t\t<div class=\"elementor-element elementor-element-da9080f e-con-full e-flex e-con e-child\" data-id=\"da9080f\" data-element_type=\"container\" data-e-type=\"container\">\n\t\t\t\t<div class=\"elementor-element elementor-element-67bd42a elementor-absolute elementor-widget elementor-widget-image\" data-id=\"67bd42a\" data-element_type=\"widget\" data-e-type=\"widget\" data-settings=\"{&quot;_position&quot;:&quot;absolute&quot;}\" data-widget_type=\"image.default\">\n\t\t\t\t<div class=\"elementor-widget-container\">\n\t\t\t\t\t\t\t\t\t\t\t\t\t\t\t<img decoding=\"async\" width=\"693\" height=\"622\" src=\"https:\/\/hiltekproperties.es\/wp-content\/uploads\/2024\/07\/about-us-intro.png\" class=\"attachment-full size-full wp-image-384\" alt=\"\" srcset=\"https:\/\/hiltekproperties.es\/wp-content\/uploads\/2024\/07\/about-us-intro.png 693w, https:\/\/hiltekproperties.es\/wp-content\/uploads\/2024\/07\/about-us-intro-300x269.png 300w, https:\/\/hiltekproperties.es\/wp-content\/uploads\/2024\/07\/about-us-intro-668x600.png 668w, https:\/\/hiltekproperties.es\/wp-content\/uploads\/2024\/07\/about-us-intro-496x445.png 496w\" sizes=\"(max-width: 693px) 100vw, 693px\" \/>\t\t\t\t\t\t\t\t\t\t\t\t\t\t\t<\/div>\n\t\t\t\t<\/div>\n\t\t\t\t<\/div>\n\t\t\t\t\t<\/div>\n\t\t\t\t<\/div>\n\t\t<div class=\"elementor-element elementor-element-58ede55 e-con-full e-flex e-con e-parent\" data-id=\"58ede55\" data-element_type=\"container\" data-e-type=\"container\">\n\t\t<div class=\"elementor-element elementor-element-ec612a6 e-con-full e-flex e-con e-child\" data-id=\"ec612a6\" data-element_type=\"container\" data-e-type=\"container\">\n\t\t\t\t<div class=\"elementor-element elementor-element-d13a374 elementor-widget elementor-widget-heading\" data-id=\"d13a374\" data-element_type=\"widget\" data-e-type=\"widget\" data-widget_type=\"heading.default\">\n\t\t\t\t<div class=\"elementor-widget-container\">\n\t\t\t\t\t<h1 class=\"elementor-heading-title elementor-size-default\"><b>dr\u00f8mmelaget<\/b><\/h1>\t\t\t\t<\/div>\n\t\t\t\t<\/div>\n\t\t\t\t<div class=\"elementor-element elementor-element-31852f8 elementor-widget elementor-widget-text-editor\" data-id=\"31852f8\" data-element_type=\"widget\" data-e-type=\"widget\" data-widget_type=\"text-editor.default\">\n\t\t\t\t<div class=\"elementor-widget-container\">\n\t\t\t\t\t\t\t\t\t<p><strong>Ingvild<\/strong> begynte med eiendomssalg i Remax Marina i Torrevieja i 2006. Deretter solgte hun eiendommer med det anerkjente Lundquist &amp; Nielsen \/ Dinbolig.com i ytterligere ti \u00e5r. Etter hvert som erfaringen vokste, s\u00e5 hun at kunders behov ikke stanset n\u00e5r de fant huset de \u00f8nsket. Man trenger gjerne hjelp og st\u00f8tte flere \u00e5r etter boligkj\u00f8pet. Derfor vokste Hiltek Properties seg frem som sitt eget firma; et salgs- og aftersales firma som tar seg av kunden b\u00e5de f\u00f8r, under og etter eiendomskj\u00f8pet.<\/p>\n<p><strong>Craig Hills<\/strong> er en byggmester og entrepren\u00f8r fra England. Han er kraftsenteret som har drevet Hiltek n\u00f8kkelholding og byggevirksomhet med stor suksess i to ti\u00e5r n\u00e5. Hans ekspertise og omfattende kunnskap om kvalitetsmaterialer, finish, planlegging og budsjetter har gitt mange av v\u00e5re kunder tillit.<\/p>\n\t\t\t\t\t\t\t\t<\/div>\n\t\t\t\t<\/div>\n\t\t\t\t<\/div>\n\t\t<div class=\"elementor-element elementor-element-2a46488 e-con-full e-flex e-con e-child\" data-id=\"2a46488\" data-element_type=\"container\" data-e-type=\"container\" data-settings=\"{&quot;background_background&quot;:&quot;classic&quot;}\">\n\t\t\t\t<\/div>\n\t\t\t\t<\/div>\n\t\t\t\t<\/div>\n\t\t","protected":false},"excerpt":{"rendered":"<p>OM OSS V\u00c5RE KJERNEVERDIER 1 St\u00f8tte Dine behov kommer f\u00f8rst. Med v\u00e5r omfattende erfaring gjennom 20 \u00e5r og tilgang til relevante ressurser til den beste prisen, veileder vi deg gjennom hvert trinn, slik at du f\u00e5r en smidig og stressfri reise gjennom eiendomsmegling, bygging og eiendomsforvaltning. 2 Kompetanse Vi er stolte av \u00e5 v\u00e6re et [&hellip;]<\/p>\n","protected":false},"author":1,"featured_media":0,"parent":0,"menu_order":0,"comment_status":"closed","ping_status":"closed","template":"elementor_header_footer","meta":{"footnotes":""},"class_list":["post-488","page","type-page","status-publish","hentry"],"_links":{"self":[{"href":"https:\/\/hiltekproperties.es\/no\/wp-json\/wp\/v2\/pages\/488","targetHints":{"allow":["GET"]}}],"collection":[{"href":"https:\/\/hiltekproperties.es\/no\/wp-json\/wp\/v2\/pages"}],"about":[{"href":"https:\/\/hiltekproperties.es\/no\/wp-json\/wp\/v2\/types\/page"}],"author":[{"embeddable":true,"href":"https:\/\/hiltekproperties.es\/no\/wp-json\/wp\/v2\/users\/1"}],"replies":[{"embeddable":true,"href":"https:\/\/hiltekproperties.es\/no\/wp-json\/wp\/v2\/comments?post=488"}],"version-history":[{"count":6,"href":"https:\/\/hiltekproperties.es\/no\/wp-json\/wp\/v2\/pages\/488\/revisions"}],"predecessor-version":[{"id":803,"href":"https:\/\/hiltekproperties.es\/no\/wp-json\/wp\/v2\/pages\/488\/revisions\/803"}],"wp:attachment":[{"href":"https:\/\/hiltekproperties.es\/no\/wp-json\/wp\/v2\/media?parent=488"}],"curies":[{"name":"wp","href":"https:\/\/api.w.org\/{rel}","templated":true}]}}